{"id":74,"date":"2023-12-15T10:34:31","date_gmt":"2023-12-15T09:34:31","guid":{"rendered":"http:\/\/wspolnota11358.pl\/?page_id=74"},"modified":"2023-12-15T10:34:31","modified_gmt":"2023-12-15T09:34:31","slug":"uchwaly","status":"publish","type":"page","link":"https:\/\/wspolnota11358.pl\/?page_id=74","title":{"rendered":"Uchwa\u0142y"},"content":{"rendered":"<div class=\"swpm-post-not-logged-in-msg\">You need to be logged in to view this content. Prosz\u0119 <a class=\"swpm-login-link\" href=\"http:\/\/wspolnota11358.pl\/?page_id=52\">Log In<\/a>. Nie masz konta? <a href=\"http:\/\/wspolnota11358.pl\/?page_id=49\">Do\u0142\u0105cz do nas.<\/a><\/div>","protected":false},"excerpt":{"rendered":"<p>You need to be logged in to view this content. Prosz\u0119 Log In. Nie masz konta? Do\u0142\u0105cz do nas.<\/p>\n","protected":false},"author":1,"featured_media":0,"parent":0,"menu_order":0,"comment_status":"closed","ping_status":"closed","template":"","meta":{"hide_page_title":"","_bbp_topic_count":0,"_bbp_reply_count":0,"_bbp_total_topic_count":0,"_bbp_total_reply_count":0,"_bbp_voice_count":0,"_bbp_anonymous_reply_count":0,"_bbp_topic_count_hidden":0,"_bbp_reply_count_hidden":0,"_bbp_forum_subforum_count":0,"_coblocks_attr":"","_coblocks_dimensions":"","_coblocks_responsive_height":"","_coblocks_accordion_ie_support":"","footnotes":""},"class_list":["post-74","page","type-page","status-publish","hentry"],"_links":{"self":[{"href":"https:\/\/wspolnota11358.pl\/index.php?rest_route=\/wp\/v2\/pages\/74","targetHints":{"allow":["GET"]}}],"collection":[{"href":"https:\/\/wspolnota11358.pl\/index.php?rest_route=\/wp\/v2\/pages"}],"about":[{"href":"https:\/\/wspolnota11358.pl\/index.php?rest_route=\/wp\/v2\/types\/page"}],"author":[{"embeddable":true,"href":"https:\/\/wspolnota11358.pl\/index.php?rest_route=\/wp\/v2\/users\/1"}],"replies":[{"embeddable":true,"href":"https:\/\/wspolnota11358.pl\/index.php?rest_route=%2Fwp%2Fv2%2Fcomments&post=74"}],"version-history":[{"count":1,"href":"https:\/\/wspolnota11358.pl\/index.php?rest_route=\/wp\/v2\/pages\/74\/revisions"}],"predecessor-version":[{"id":79,"href":"https:\/\/wspolnota11358.pl\/index.php?rest_route=\/wp\/v2\/pages\/74\/revisions\/79"}],"wp:attachment":[{"href":"https:\/\/wspolnota11358.pl\/index.php?rest_route=%2Fwp%2Fv2%2Fmedia&parent=74"}],"curies":[{"name":"wp","href":"https:\/\/api.w.org\/{rel}","templated":true}]}}